{"id":1726,"date":"2021-10-16T13:44:19","date_gmt":"2021-10-16T11:44:19","guid":{"rendered":"https:\/\/footballretroshirts.com\/landshold\/barbados"},"modified":"2021-10-16T13:44:19","modified_gmt":"2021-10-16T11:44:19","slug":"barbados","status":"publish","type":"page","link":"https:\/\/footballretroshirts.com\/da\/landshold\/barbados","title":{"rendered":"Barbados"},"content":{"rendered":"<h1>Klassisk og Retro tr\u00f8je fra Barbados<\/h1>\n<p>Her finder du flotte klassiske og retro tr\u00f8jer fra Barbados. Barbados er et nationalt fodboldforbund grundlagt i 1910 der spilller hjemmekampe p\u00e5 Wildey Turf (Sir Garfield Sobers Complex) Wildey, St. Michael, Bridgetown. Stadion kan huse 2000 tilskuere. Vi h\u00e5ber du finder de flotte retro tr\u00f8jer fra Barbados du er p\u00e5 udkig efter.<\/p>\n<p><a href=\"https:\/\/www.vintagefootballshirts.com\/search\/?search=q=Barbados\">Klik her for at finde din retro Barbados tr\u00f8je<\/a><\/p>\n<p><strong>Stadion: <\/strong>Wildey Turf (Sir Garfield Sobers Complex)<br \/>\n<strong>Kapacitet:: <\/strong>2000<br \/>\n<strong>Adresse:<\/strong>\u00a0Wildey, St. Michael, Bridgetown<br \/>\n<strong>Grundlagt: <\/strong>1910<\/p>\n","protected":false},"excerpt":{"rendered":"<p>Klassisk og Retro tr\u00f8je fra Barbados Her finder du flotte klassiske og retro tr\u00f8jer fra Barbados. Barbados er et nationalt fodboldforbund grundlagt i 1910 der spilller hjemmekampe p\u00e5 Wildey Turf (Sir Garfield Sobers Complex) Wildey, St. Michael, Bridgetown. Stadion kan huse 2000 tilskuere. Vi h\u00e5ber du finder de flotte retro tr\u00f8jer fra Barbados du er [&hellip;]<\/p>\n","protected":false},"author":1,"featured_media":1133,"parent":11,"menu_order":0,"comment_status":"open","ping_status":"open","template":"","meta":[],"yoast_head":"<!-- This site is optimized with the Yoast SEO plugin v17.1 - https:\/\/yoast.com\/wordpress\/plugins\/seo\/ -->\n<meta name=\"description\" content=\"Er du p\u00e5 udkig efter en ny retro Barbados tr\u00f8je ? Led ikke l\u00e6ngere - klik ind her!\" \/>\n<meta name=\"robots\" content=\"index, follow, max-snippet:-1, max-image-preview:large, max-video-preview:-1\" \/>\n<link rel=\"canonical\" href=\"https:\/\/footballretroshirts.com\/da\/landshold\/barbados\" \/>\n<meta property=\"og:locale\" content=\"da_DK\" \/>\n<meta property=\"og:type\" content=\"article\" \/>\n<meta property=\"og:title\" content=\"Retro Barbados tr\u00f8je. Find l\u00e6kker klassisk Barbados tr\u00f8je her\" \/>\n<meta property=\"og:description\" content=\"Er du p\u00e5 udkig efter en ny retro Barbados tr\u00f8je ? Led ikke l\u00e6ngere - klik ind her!\" \/>\n<meta property=\"og:url\" content=\"https:\/\/footballretroshirts.com\/da\/landshold\/barbados\" \/>\n<meta property=\"og:site_name\" content=\"Retro football shirts\" \/>\n<meta property=\"og:image\" content=\"https:\/\/footballretroshirts.com\/wp-content\/uploads\/2021\/10\/5527-5.png\" \/>\n\t<meta property=\"og:image:width\" content=\"388\" \/>\n\t<meta property=\"og:image:height\" content=\"260\" \/>\n<meta name=\"twitter:card\" content=\"summary_large_image\" \/>\n<meta name=\"twitter:label1\" content=\"Estimeret l\u00e6setid\" \/>\n\t<meta name=\"twitter:data1\" content=\"1 minut\" \/>\n<script type=\"application\/ld+json\" class=\"yoast-schema-graph\">{\"@context\":\"https:\/\/schema.org\",\"@graph\":[{\"@type\":\"WebSite\",\"@id\":\"https:\/\/footballretroshirts.com\/en\/#website\",\"url\":\"https:\/\/footballretroshirts.com\/en\/\",\"name\":\"Retro football shirts\",\"description\":\"\",\"potentialAction\":[{\"@type\":\"SearchAction\",\"target\":{\"@type\":\"EntryPoint\",\"urlTemplate\":\"https:\/\/footballretroshirts.com\/en\/?s={search_term_string}\"},\"query-input\":\"required name=search_term_string\"}],\"inLanguage\":\"da-DK\"},{\"@type\":\"ImageObject\",\"@id\":\"https:\/\/footballretroshirts.com\/da\/landshold\/barbados#primaryimage\",\"inLanguage\":\"da-DK\",\"url\":\"https:\/\/footballretroshirts.com\/wp-content\/uploads\/2021\/10\/5527-5.png\",\"contentUrl\":\"https:\/\/footballretroshirts.com\/wp-content\/uploads\/2021\/10\/5527-5.png\",\"width\":388,\"height\":260},{\"@type\":\"WebPage\",\"@id\":\"https:\/\/footballretroshirts.com\/da\/landshold\/barbados#webpage\",\"url\":\"https:\/\/footballretroshirts.com\/da\/landshold\/barbados\",\"name\":\"Retro Barbados tr\\u00f8je. Find l\\u00e6kker klassisk Barbados tr\\u00f8je her\",\"isPartOf\":{\"@id\":\"https:\/\/footballretroshirts.com\/en\/#website\"},\"primaryImageOfPage\":{\"@id\":\"https:\/\/footballretroshirts.com\/da\/landshold\/barbados#primaryimage\"},\"datePublished\":\"2021-10-16T11:44:19+00:00\",\"dateModified\":\"2021-10-16T11:44:19+00:00\",\"description\":\"Er du p\\u00e5 udkig efter en ny retro Barbados tr\\u00f8je ? Led ikke l\\u00e6ngere - klik ind her!\",\"breadcrumb\":{\"@id\":\"https:\/\/footballretroshirts.com\/da\/landshold\/barbados#breadcrumb\"},\"inLanguage\":\"da-DK\",\"potentialAction\":[{\"@type\":\"ReadAction\",\"target\":[\"https:\/\/footballretroshirts.com\/da\/landshold\/barbados\"]}]},{\"@type\":\"BreadcrumbList\",\"@id\":\"https:\/\/footballretroshirts.com\/da\/landshold\/barbados#breadcrumb\",\"itemListElement\":[{\"@type\":\"ListItem\",\"position\":1,\"name\":\"Landshold\",\"item\":\"https:\/\/footballretroshirts.com\/da\/landshold\"},{\"@type\":\"ListItem\",\"position\":2,\"name\":\"Barbados\"}]}]}<\/script>\n<!-- \/ Yoast SEO plugin. -->","yoast_head_json":{"description":"Er du p\u00e5 udkig efter en ny retro Barbados tr\u00f8je ? Led ikke l\u00e6ngere - klik ind her!","robots":{"index":"index","follow":"follow","max-snippet":"max-snippet:-1","max-image-preview":"max-image-preview:large","max-video-preview":"max-video-preview:-1"},"canonical":"https:\/\/footballretroshirts.com\/da\/landshold\/barbados","og_locale":"da_DK","og_type":"article","og_title":"Retro Barbados tr\u00f8je. Find l\u00e6kker klassisk Barbados tr\u00f8je her","og_description":"Er du p\u00e5 udkig efter en ny retro Barbados tr\u00f8je ? Led ikke l\u00e6ngere - klik ind her!","og_url":"https:\/\/footballretroshirts.com\/da\/landshold\/barbados","og_site_name":"Retro football shirts","og_image":[{"width":388,"height":260,"url":"https:\/\/footballretroshirts.com\/wp-content\/uploads\/2021\/10\/5527-5.png","path":"\/var\/www\/footballretroshirts.com\/public_html\/wp-content\/uploads\/2021\/10\/5527-5.png","size":"full","id":1133,"alt":"","pixels":100880,"type":"image\/gif"}],"twitter_card":"summary_large_image","twitter_misc":{"Estimeret l\u00e6setid":"1 minut"},"schema":{"@context":"https:\/\/schema.org","@graph":[{"@type":"WebSite","@id":"https:\/\/footballretroshirts.com\/en\/#website","url":"https:\/\/footballretroshirts.com\/en\/","name":"Retro football shirts","description":"","potentialAction":[{"@type":"SearchAction","target":{"@type":"EntryPoint","urlTemplate":"https:\/\/footballretroshirts.com\/en\/?s={search_term_string}"},"query-input":"required name=search_term_string"}],"inLanguage":"da-DK"},{"@type":"ImageObject","@id":"https:\/\/footballretroshirts.com\/da\/landshold\/barbados#primaryimage","inLanguage":"da-DK","url":"https:\/\/footballretroshirts.com\/wp-content\/uploads\/2021\/10\/5527-5.png","contentUrl":"https:\/\/footballretroshirts.com\/wp-content\/uploads\/2021\/10\/5527-5.png","width":388,"height":260},{"@type":"WebPage","@id":"https:\/\/footballretroshirts.com\/da\/landshold\/barbados#webpage","url":"https:\/\/footballretroshirts.com\/da\/landshold\/barbados","name":"Retro Barbados tr\u00f8je. Find l\u00e6kker klassisk Barbados tr\u00f8je her","isPartOf":{"@id":"https:\/\/footballretroshirts.com\/en\/#website"},"primaryImageOfPage":{"@id":"https:\/\/footballretroshirts.com\/da\/landshold\/barbados#primaryimage"},"datePublished":"2021-10-16T11:44:19+00:00","dateModified":"2021-10-16T11:44:19+00:00","description":"Er du p\u00e5 udkig efter en ny retro Barbados tr\u00f8je ? Led ikke l\u00e6ngere - klik ind her!","breadcrumb":{"@id":"https:\/\/footballretroshirts.com\/da\/landshold\/barbados#breadcrumb"},"inLanguage":"da-DK","potentialAction":[{"@type":"ReadAction","target":["https:\/\/footballretroshirts.com\/da\/landshold\/barbados"]}]},{"@type":"BreadcrumbList","@id":"https:\/\/footballretroshirts.com\/da\/landshold\/barbados#breadcrumb","itemListElement":[{"@type":"ListItem","position":1,"name":"Landshold","item":"https:\/\/footballretroshirts.com\/da\/landshold"},{"@type":"ListItem","position":2,"name":"Barbados"}]}]}},"_links":{"self":[{"href":"https:\/\/footballretroshirts.com\/da\/wp-json\/wp\/v2\/pages\/1726"}],"collection":[{"href":"https:\/\/footballretroshirts.com\/da\/wp-json\/wp\/v2\/pages"}],"about":[{"href":"https:\/\/footballretroshirts.com\/da\/wp-json\/wp\/v2\/types\/page"}],"author":[{"embeddable":true,"href":"https:\/\/footballretroshirts.com\/da\/wp-json\/wp\/v2\/users\/1"}],"replies":[{"embeddable":true,"href":"https:\/\/footballretroshirts.com\/da\/wp-json\/wp\/v2\/comments?post=1726"}],"version-history":[{"count":0,"href":"https:\/\/footballretroshirts.com\/da\/wp-json\/wp\/v2\/pages\/1726\/revisions"}],"up":[{"embeddable":true,"href":"https:\/\/footballretroshirts.com\/da\/wp-json\/wp\/v2\/pages\/11"}],"wp:featuredmedia":[{"embeddable":true,"href":"https:\/\/footballretroshirts.com\/da\/wp-json\/wp\/v2\/media\/1133"}],"wp:attachment":[{"href":"https:\/\/footballretroshirts.com\/da\/wp-json\/wp\/v2\/media?parent=1726"}],"curies":[{"name":"wp","href":"https:\/\/api.w.org\/{rel}","templated":true}]}}