{"id":1806,"date":"2021-10-16T13:44:31","date_gmt":"2021-10-16T11:44:31","guid":{"rendered":"https:\/\/footballretroshirts.com\/landshold\/maldiverne"},"modified":"2021-10-16T13:44:31","modified_gmt":"2021-10-16T11:44:31","slug":"maldiverne","status":"publish","type":"page","link":"https:\/\/footballretroshirts.com\/da\/landshold\/maldiverne","title":{"rendered":"Maldiverne"},"content":{"rendered":"<h1>Klassisk og Retro tr\u00f8je fra Maldiverne<\/h1>\n<p>Her finder du flotte klassiske og retro tr\u00f8jer fra Maldiverne. Maldiverne er et nationalt fodboldforbund grundlagt i 1982 der spilller hjemmekampe p\u00e5 Rasmee Dhandu Stadium Majeedhee Magu, Mal\u00e9, North Mal\u00e9 Atoll, Kaafu Atoll. Stadion kan huse 11850 tilskuere. Vi h\u00e5ber du finder de flotte retro tr\u00f8jer fra Maldiverne du er p\u00e5 udkig efter.<\/p>\n<p><a href=\"https:\/\/www.vintagefootballshirts.com\/search\/?search=q=Maldiverne\">Klik her for at finde din retro Maldiverne tr\u00f8je<\/a><\/p>\n<p><strong>Stadion: <\/strong>Rasmee Dhandu Stadium<br \/>\n<strong>Kapacitet:: <\/strong>11850<br \/>\n<strong>Adresse:<\/strong>\u00a0Majeedhee Magu, Mal\u00e9, North Mal\u00e9 Atoll, Kaafu Atoll<br \/>\n<strong>Grundlagt: <\/strong>1982<\/p>\n","protected":false},"excerpt":{"rendered":"<p>Klassisk og Retro tr\u00f8je fra Maldiverne Her finder du flotte klassiske og retro tr\u00f8jer fra Maldiverne. Maldiverne er et nationalt fodboldforbund grundlagt i 1982 der spilller hjemmekampe p\u00e5 Rasmee Dhandu Stadium Majeedhee Magu, Mal\u00e9, North Mal\u00e9 Atoll, Kaafu Atoll. Stadion kan huse 11850 tilskuere. Vi h\u00e5ber du finder de flotte retro tr\u00f8jer fra Maldiverne du [&hellip;]<\/p>\n","protected":false},"author":1,"featured_media":1453,"parent":11,"menu_order":0,"comment_status":"open","ping_status":"open","template":"","meta":[],"yoast_head":"<!-- This site is optimized with the Yoast SEO plugin v17.1 - https:\/\/yoast.com\/wordpress\/plugins\/seo\/ -->\n<meta name=\"description\" content=\"Er du p\u00e5 udkig efter en ny retro Maldiverne tr\u00f8je ? Led ikke l\u00e6ngere - klik ind her!\" \/>\n<meta name=\"robots\" content=\"index, follow, max-snippet:-1, max-image-preview:large, max-video-preview:-1\" \/>\n<link rel=\"canonical\" href=\"https:\/\/footballretroshirts.com\/da\/landshold\/maldiverne\" \/>\n<meta property=\"og:locale\" content=\"da_DK\" \/>\n<meta property=\"og:type\" content=\"article\" \/>\n<meta property=\"og:title\" content=\"Retro Maldiverne tr\u00f8je. Find l\u00e6kker klassisk Maldiverne tr\u00f8je her\" \/>\n<meta property=\"og:description\" content=\"Er du p\u00e5 udkig efter en ny retro Maldiverne tr\u00f8je ? Led ikke l\u00e6ngere - klik ind her!\" \/>\n<meta property=\"og:url\" content=\"https:\/\/footballretroshirts.com\/da\/landshold\/maldiverne\" \/>\n<meta property=\"og:site_name\" content=\"Retro football shirts\" \/>\n<meta property=\"og:image\" content=\"https:\/\/footballretroshirts.com\/wp-content\/uploads\/2021\/10\/1549-5.png\" \/>\n\t<meta property=\"og:image:width\" content=\"388\" \/>\n\t<meta property=\"og:image:height\" content=\"260\" \/>\n<meta name=\"twitter:card\" content=\"summary_large_image\" \/>\n<meta name=\"twitter:label1\" content=\"Estimeret l\u00e6setid\" \/>\n\t<meta name=\"twitter:data1\" content=\"1 minut\" \/>\n<script type=\"application\/ld+json\" class=\"yoast-schema-graph\">{\"@context\":\"https:\/\/schema.org\",\"@graph\":[{\"@type\":\"WebSite\",\"@id\":\"https:\/\/footballretroshirts.com\/en\/#website\",\"url\":\"https:\/\/footballretroshirts.com\/en\/\",\"name\":\"Retro football shirts\",\"description\":\"\",\"potentialAction\":[{\"@type\":\"SearchAction\",\"target\":{\"@type\":\"EntryPoint\",\"urlTemplate\":\"https:\/\/footballretroshirts.com\/en\/?s={search_term_string}\"},\"query-input\":\"required name=search_term_string\"}],\"inLanguage\":\"da-DK\"},{\"@type\":\"ImageObject\",\"@id\":\"https:\/\/footballretroshirts.com\/da\/landshold\/maldiverne#primaryimage\",\"inLanguage\":\"da-DK\",\"url\":\"https:\/\/footballretroshirts.com\/wp-content\/uploads\/2021\/10\/1549-5.png\",\"contentUrl\":\"https:\/\/footballretroshirts.com\/wp-content\/uploads\/2021\/10\/1549-5.png\",\"width\":388,\"height\":260},{\"@type\":\"WebPage\",\"@id\":\"https:\/\/footballretroshirts.com\/da\/landshold\/maldiverne#webpage\",\"url\":\"https:\/\/footballretroshirts.com\/da\/landshold\/maldiverne\",\"name\":\"Retro Maldiverne tr\\u00f8je. Find l\\u00e6kker klassisk Maldiverne tr\\u00f8je her\",\"isPartOf\":{\"@id\":\"https:\/\/footballretroshirts.com\/en\/#website\"},\"primaryImageOfPage\":{\"@id\":\"https:\/\/footballretroshirts.com\/da\/landshold\/maldiverne#primaryimage\"},\"datePublished\":\"2021-10-16T11:44:31+00:00\",\"dateModified\":\"2021-10-16T11:44:31+00:00\",\"description\":\"Er du p\\u00e5 udkig efter en ny retro Maldiverne tr\\u00f8je ? Led ikke l\\u00e6ngere - klik ind her!\",\"breadcrumb\":{\"@id\":\"https:\/\/footballretroshirts.com\/da\/landshold\/maldiverne#breadcrumb\"},\"inLanguage\":\"da-DK\",\"potentialAction\":[{\"@type\":\"ReadAction\",\"target\":[\"https:\/\/footballretroshirts.com\/da\/landshold\/maldiverne\"]}]},{\"@type\":\"BreadcrumbList\",\"@id\":\"https:\/\/footballretroshirts.com\/da\/landshold\/maldiverne#breadcrumb\",\"itemListElement\":[{\"@type\":\"ListItem\",\"position\":1,\"name\":\"Landshold\",\"item\":\"https:\/\/footballretroshirts.com\/da\/landshold\"},{\"@type\":\"ListItem\",\"position\":2,\"name\":\"Maldiverne\"}]}]}<\/script>\n<!-- \/ Yoast SEO plugin. -->","yoast_head_json":{"description":"Er du p\u00e5 udkig efter en ny retro Maldiverne tr\u00f8je ? Led ikke l\u00e6ngere - klik ind her!","robots":{"index":"index","follow":"follow","max-snippet":"max-snippet:-1","max-image-preview":"max-image-preview:large","max-video-preview":"max-video-preview:-1"},"canonical":"https:\/\/footballretroshirts.com\/da\/landshold\/maldiverne","og_locale":"da_DK","og_type":"article","og_title":"Retro Maldiverne tr\u00f8je. Find l\u00e6kker klassisk Maldiverne tr\u00f8je her","og_description":"Er du p\u00e5 udkig efter en ny retro Maldiverne tr\u00f8je ? Led ikke l\u00e6ngere - klik ind her!","og_url":"https:\/\/footballretroshirts.com\/da\/landshold\/maldiverne","og_site_name":"Retro football shirts","og_image":[{"width":388,"height":260,"url":"https:\/\/footballretroshirts.com\/wp-content\/uploads\/2021\/10\/1549-5.png","path":"\/var\/www\/footballretroshirts.com\/public_html\/wp-content\/uploads\/2021\/10\/1549-5.png","size":"full","id":1453,"alt":"","pixels":100880,"type":"image\/gif"}],"twitter_card":"summary_large_image","twitter_misc":{"Estimeret l\u00e6setid":"1 minut"},"schema":{"@context":"https:\/\/schema.org","@graph":[{"@type":"WebSite","@id":"https:\/\/footballretroshirts.com\/en\/#website","url":"https:\/\/footballretroshirts.com\/en\/","name":"Retro football shirts","description":"","potentialAction":[{"@type":"SearchAction","target":{"@type":"EntryPoint","urlTemplate":"https:\/\/footballretroshirts.com\/en\/?s={search_term_string}"},"query-input":"required name=search_term_string"}],"inLanguage":"da-DK"},{"@type":"ImageObject","@id":"https:\/\/footballretroshirts.com\/da\/landshold\/maldiverne#primaryimage","inLanguage":"da-DK","url":"https:\/\/footballretroshirts.com\/wp-content\/uploads\/2021\/10\/1549-5.png","contentUrl":"https:\/\/footballretroshirts.com\/wp-content\/uploads\/2021\/10\/1549-5.png","width":388,"height":260},{"@type":"WebPage","@id":"https:\/\/footballretroshirts.com\/da\/landshold\/maldiverne#webpage","url":"https:\/\/footballretroshirts.com\/da\/landshold\/maldiverne","name":"Retro Maldiverne tr\u00f8je. Find l\u00e6kker klassisk Maldiverne tr\u00f8je her","isPartOf":{"@id":"https:\/\/footballretroshirts.com\/en\/#website"},"primaryImageOfPage":{"@id":"https:\/\/footballretroshirts.com\/da\/landshold\/maldiverne#primaryimage"},"datePublished":"2021-10-16T11:44:31+00:00","dateModified":"2021-10-16T11:44:31+00:00","description":"Er du p\u00e5 udkig efter en ny retro Maldiverne tr\u00f8je ? Led ikke l\u00e6ngere - klik ind her!","breadcrumb":{"@id":"https:\/\/footballretroshirts.com\/da\/landshold\/maldiverne#breadcrumb"},"inLanguage":"da-DK","potentialAction":[{"@type":"ReadAction","target":["https:\/\/footballretroshirts.com\/da\/landshold\/maldiverne"]}]},{"@type":"BreadcrumbList","@id":"https:\/\/footballretroshirts.com\/da\/landshold\/maldiverne#breadcrumb","itemListElement":[{"@type":"ListItem","position":1,"name":"Landshold","item":"https:\/\/footballretroshirts.com\/da\/landshold"},{"@type":"ListItem","position":2,"name":"Maldiverne"}]}]}},"_links":{"self":[{"href":"https:\/\/footballretroshirts.com\/da\/wp-json\/wp\/v2\/pages\/1806"}],"collection":[{"href":"https:\/\/footballretroshirts.com\/da\/wp-json\/wp\/v2\/pages"}],"about":[{"href":"https:\/\/footballretroshirts.com\/da\/wp-json\/wp\/v2\/types\/page"}],"author":[{"embeddable":true,"href":"https:\/\/footballretroshirts.com\/da\/wp-json\/wp\/v2\/users\/1"}],"replies":[{"embeddable":true,"href":"https:\/\/footballretroshirts.com\/da\/wp-json\/wp\/v2\/comments?post=1806"}],"version-history":[{"count":0,"href":"https:\/\/footballretroshirts.com\/da\/wp-json\/wp\/v2\/pages\/1806\/revisions"}],"up":[{"embeddable":true,"href":"https:\/\/footballretroshirts.com\/da\/wp-json\/wp\/v2\/pages\/11"}],"wp:featuredmedia":[{"embeddable":true,"href":"https:\/\/footballretroshirts.com\/da\/wp-json\/wp\/v2\/media\/1453"}],"wp:attachment":[{"href":"https:\/\/footballretroshirts.com\/da\/wp-json\/wp\/v2\/media?parent=1806"}],"curies":[{"name":"wp","href":"https:\/\/api.w.org\/{rel}","templated":true}]}}