{"id":1841,"date":"2021-10-16T13:44:36","date_gmt":"2021-10-16T11:44:36","guid":{"rendered":"https:\/\/footballretroshirts.com\/landshold\/senegal"},"modified":"2021-10-16T13:44:36","modified_gmt":"2021-10-16T11:44:36","slug":"senegal","status":"publish","type":"page","link":"https:\/\/footballretroshirts.com\/da\/landshold\/senegal","title":{"rendered":"Senegal"},"content":{"rendered":"<h1>Klassisk og Retro tr\u00f8je fra Senegal<\/h1>\n<p>Her finder du flotte klassiske og retro tr\u00f8jer fra Senegal. Senegal er et nationalt fodboldforbund grundlagt i 1960 der spilller hjemmekampe p\u00e5 Stade L\u00e9opold S\u00e9dar Senghor Route de l\u2019A\u00e9roport de Yoff, Dakar. Stadion kan huse 80000 tilskuere. Vi h\u00e5ber du finder de flotte retro tr\u00f8jer fra Senegal du er p\u00e5 udkig efter.<\/p>\n<p><a href=\"https:\/\/www.vintagefootballshirts.com\/search\/?search=q=Senegal\">Klik her for at finde din retro Senegal tr\u00f8je<\/a><\/p>\n<p><strong>Stadion: <\/strong>Stade L\u00e9opold S\u00e9dar Senghor<br \/>\n<strong>Kapacitet:: <\/strong>80000<br \/>\n<strong>Adresse:<\/strong>\u00a0Route de l\u2019A\u00e9roport de Yoff, Dakar<br \/>\n<strong>Grundlagt: <\/strong>1960<\/p>\n","protected":false},"excerpt":{"rendered":"<p>Klassisk og Retro tr\u00f8je fra Senegal Her finder du flotte klassiske og retro tr\u00f8jer fra Senegal. Senegal er et nationalt fodboldforbund grundlagt i 1960 der spilller hjemmekampe p\u00e5 Stade L\u00e9opold S\u00e9dar Senghor Route de l\u2019A\u00e9roport de Yoff, Dakar. Stadion kan huse 80000 tilskuere. Vi h\u00e5ber du finder de flotte retro tr\u00f8jer fra Senegal du er [&hellip;]<\/p>\n","protected":false},"author":1,"featured_media":1593,"parent":11,"menu_order":0,"comment_status":"open","ping_status":"open","template":"","meta":[],"yoast_head":"<!-- This site is optimized with the Yoast SEO plugin v17.1 - https:\/\/yoast.com\/wordpress\/plugins\/seo\/ -->\n<meta name=\"description\" content=\"Er du p\u00e5 udkig efter en ny retro Senegal tr\u00f8je ? Led ikke l\u00e6ngere - klik ind her!\" \/>\n<meta name=\"robots\" content=\"index, follow, max-snippet:-1, max-image-preview:large, max-video-preview:-1\" \/>\n<link rel=\"canonical\" href=\"https:\/\/footballretroshirts.com\/da\/landshold\/senegal\" \/>\n<meta property=\"og:locale\" content=\"da_DK\" \/>\n<meta property=\"og:type\" content=\"article\" \/>\n<meta property=\"og:title\" content=\"Retro Senegal tr\u00f8je. Find l\u00e6kker klassisk Senegal tr\u00f8je her\" \/>\n<meta property=\"og:description\" content=\"Er du p\u00e5 udkig efter en ny retro Senegal tr\u00f8je ? Led ikke l\u00e6ngere - klik ind her!\" \/>\n<meta property=\"og:url\" content=\"https:\/\/footballretroshirts.com\/da\/landshold\/senegal\" \/>\n<meta property=\"og:site_name\" content=\"Retro football shirts\" \/>\n<meta property=\"og:image\" content=\"https:\/\/footballretroshirts.com\/wp-content\/uploads\/2021\/10\/13-5.png\" \/>\n\t<meta property=\"og:image:width\" content=\"388\" \/>\n\t<meta property=\"og:image:height\" content=\"260\" \/>\n<meta name=\"twitter:card\" content=\"summary_large_image\" \/>\n<meta name=\"twitter:label1\" content=\"Estimeret l\u00e6setid\" \/>\n\t<meta name=\"twitter:data1\" content=\"1 minut\" \/>\n<script type=\"application\/ld+json\" class=\"yoast-schema-graph\">{\"@context\":\"https:\/\/schema.org\",\"@graph\":[{\"@type\":\"WebSite\",\"@id\":\"https:\/\/footballretroshirts.com\/en\/#website\",\"url\":\"https:\/\/footballretroshirts.com\/en\/\",\"name\":\"Retro football shirts\",\"description\":\"\",\"potentialAction\":[{\"@type\":\"SearchAction\",\"target\":{\"@type\":\"EntryPoint\",\"urlTemplate\":\"https:\/\/footballretroshirts.com\/en\/?s={search_term_string}\"},\"query-input\":\"required name=search_term_string\"}],\"inLanguage\":\"da-DK\"},{\"@type\":\"ImageObject\",\"@id\":\"https:\/\/footballretroshirts.com\/da\/landshold\/senegal#primaryimage\",\"inLanguage\":\"da-DK\",\"url\":\"https:\/\/footballretroshirts.com\/wp-content\/uploads\/2021\/10\/13-5.png\",\"contentUrl\":\"https:\/\/footballretroshirts.com\/wp-content\/uploads\/2021\/10\/13-5.png\",\"width\":388,\"height\":260},{\"@type\":\"WebPage\",\"@id\":\"https:\/\/footballretroshirts.com\/da\/landshold\/senegal#webpage\",\"url\":\"https:\/\/footballretroshirts.com\/da\/landshold\/senegal\",\"name\":\"Retro Senegal tr\\u00f8je. Find l\\u00e6kker klassisk Senegal tr\\u00f8je her\",\"isPartOf\":{\"@id\":\"https:\/\/footballretroshirts.com\/en\/#website\"},\"primaryImageOfPage\":{\"@id\":\"https:\/\/footballretroshirts.com\/da\/landshold\/senegal#primaryimage\"},\"datePublished\":\"2021-10-16T11:44:36+00:00\",\"dateModified\":\"2021-10-16T11:44:36+00:00\",\"description\":\"Er du p\\u00e5 udkig efter en ny retro Senegal tr\\u00f8je ? Led ikke l\\u00e6ngere - klik ind her!\",\"breadcrumb\":{\"@id\":\"https:\/\/footballretroshirts.com\/da\/landshold\/senegal#breadcrumb\"},\"inLanguage\":\"da-DK\",\"potentialAction\":[{\"@type\":\"ReadAction\",\"target\":[\"https:\/\/footballretroshirts.com\/da\/landshold\/senegal\"]}]},{\"@type\":\"BreadcrumbList\",\"@id\":\"https:\/\/footballretroshirts.com\/da\/landshold\/senegal#breadcrumb\",\"itemListElement\":[{\"@type\":\"ListItem\",\"position\":1,\"name\":\"Landshold\",\"item\":\"https:\/\/footballretroshirts.com\/da\/landshold\"},{\"@type\":\"ListItem\",\"position\":2,\"name\":\"Senegal\"}]}]}<\/script>\n<!-- \/ Yoast SEO plugin. -->","yoast_head_json":{"description":"Er du p\u00e5 udkig efter en ny retro Senegal tr\u00f8je ? Led ikke l\u00e6ngere - klik ind her!","robots":{"index":"index","follow":"follow","max-snippet":"max-snippet:-1","max-image-preview":"max-image-preview:large","max-video-preview":"max-video-preview:-1"},"canonical":"https:\/\/footballretroshirts.com\/da\/landshold\/senegal","og_locale":"da_DK","og_type":"article","og_title":"Retro Senegal tr\u00f8je. Find l\u00e6kker klassisk Senegal tr\u00f8je her","og_description":"Er du p\u00e5 udkig efter en ny retro Senegal tr\u00f8je ? Led ikke l\u00e6ngere - klik ind her!","og_url":"https:\/\/footballretroshirts.com\/da\/landshold\/senegal","og_site_name":"Retro football shirts","og_image":[{"width":388,"height":260,"url":"https:\/\/footballretroshirts.com\/wp-content\/uploads\/2021\/10\/13-5.png","path":"\/var\/www\/footballretroshirts.com\/public_html\/wp-content\/uploads\/2021\/10\/13-5.png","size":"full","id":1593,"alt":"","pixels":100880,"type":"image\/gif"}],"twitter_card":"summary_large_image","twitter_misc":{"Estimeret l\u00e6setid":"1 minut"},"schema":{"@context":"https:\/\/schema.org","@graph":[{"@type":"WebSite","@id":"https:\/\/footballretroshirts.com\/en\/#website","url":"https:\/\/footballretroshirts.com\/en\/","name":"Retro football shirts","description":"","potentialAction":[{"@type":"SearchAction","target":{"@type":"EntryPoint","urlTemplate":"https:\/\/footballretroshirts.com\/en\/?s={search_term_string}"},"query-input":"required name=search_term_string"}],"inLanguage":"da-DK"},{"@type":"ImageObject","@id":"https:\/\/footballretroshirts.com\/da\/landshold\/senegal#primaryimage","inLanguage":"da-DK","url":"https:\/\/footballretroshirts.com\/wp-content\/uploads\/2021\/10\/13-5.png","contentUrl":"https:\/\/footballretroshirts.com\/wp-content\/uploads\/2021\/10\/13-5.png","width":388,"height":260},{"@type":"WebPage","@id":"https:\/\/footballretroshirts.com\/da\/landshold\/senegal#webpage","url":"https:\/\/footballretroshirts.com\/da\/landshold\/senegal","name":"Retro Senegal tr\u00f8je. Find l\u00e6kker klassisk Senegal tr\u00f8je her","isPartOf":{"@id":"https:\/\/footballretroshirts.com\/en\/#website"},"primaryImageOfPage":{"@id":"https:\/\/footballretroshirts.com\/da\/landshold\/senegal#primaryimage"},"datePublished":"2021-10-16T11:44:36+00:00","dateModified":"2021-10-16T11:44:36+00:00","description":"Er du p\u00e5 udkig efter en ny retro Senegal tr\u00f8je ? Led ikke l\u00e6ngere - klik ind her!","breadcrumb":{"@id":"https:\/\/footballretroshirts.com\/da\/landshold\/senegal#breadcrumb"},"inLanguage":"da-DK","potentialAction":[{"@type":"ReadAction","target":["https:\/\/footballretroshirts.com\/da\/landshold\/senegal"]}]},{"@type":"BreadcrumbList","@id":"https:\/\/footballretroshirts.com\/da\/landshold\/senegal#breadcrumb","itemListElement":[{"@type":"ListItem","position":1,"name":"Landshold","item":"https:\/\/footballretroshirts.com\/da\/landshold"},{"@type":"ListItem","position":2,"name":"Senegal"}]}]}},"_links":{"self":[{"href":"https:\/\/footballretroshirts.com\/da\/wp-json\/wp\/v2\/pages\/1841"}],"collection":[{"href":"https:\/\/footballretroshirts.com\/da\/wp-json\/wp\/v2\/pages"}],"about":[{"href":"https:\/\/footballretroshirts.com\/da\/wp-json\/wp\/v2\/types\/page"}],"author":[{"embeddable":true,"href":"https:\/\/footballretroshirts.com\/da\/wp-json\/wp\/v2\/users\/1"}],"replies":[{"embeddable":true,"href":"https:\/\/footballretroshirts.com\/da\/wp-json\/wp\/v2\/comments?post=1841"}],"version-history":[{"count":0,"href":"https:\/\/footballretroshirts.com\/da\/wp-json\/wp\/v2\/pages\/1841\/revisions"}],"up":[{"embeddable":true,"href":"https:\/\/footballretroshirts.com\/da\/wp-json\/wp\/v2\/pages\/11"}],"wp:featuredmedia":[{"embeddable":true,"href":"https:\/\/footballretroshirts.com\/da\/wp-json\/wp\/v2\/media\/1593"}],"wp:attachment":[{"href":"https:\/\/footballretroshirts.com\/da\/wp-json\/wp\/v2\/media?parent=1841"}],"curies":[{"name":"wp","href":"https:\/\/api.w.org\/{rel}","templated":true}]}}