{"id":1239,"date":"2021-10-16T13:36:02","date_gmt":"2021-10-16T11:36:02","guid":{"rendered":"https:\/\/footballretroshirts.com\/national-team\/denmark"},"modified":"2021-10-16T13:36:02","modified_gmt":"2021-10-16T11:36:02","slug":"denmark","status":"publish","type":"page","link":"https:\/\/footballretroshirts.com\/en\/national-team\/denmark","title":{"rendered":"Denmark"},"content":{"rendered":"<h1>Classic and Retro shirt from Denmark<\/h1>\n<p>Here you find great classic and retro jerseys from Denmark. Denmark is a national football association founded in 1889 that plays home games on Parken \u00d8ster All\u00e9 50, K\u00f8benhavn. The stadium can houses 38065 spectators. We hope you find the nice Retro jerseys from Denmark You are looking for.<\/p>\n<p><a href=\"https:\/\/www.vintagefootballshirts.com\/search\/?search=q=Denmark\">Click here to find your Retro Denmark shirt<\/a><\/p>\n<p><strong>Stadium: <\/strong>Parken<br \/>\n<strong>Capacity:: <\/strong>38065<br \/>\n<strong>Address:<\/strong>\u00a0\u00d8ster All\u00e9 50, K\u00f8benhavn<br \/>\n<strong>Founded: <\/strong>1889<\/p>\n","protected":false},"excerpt":{"rendered":"<p>Classic and Retro shirt from Denmark Here you find great classic and retro jerseys from Denmark. Denmark is a national football association founded in 1889 that plays home games on Parken \u00d8ster All\u00e9 50, K\u00f8benhavn. The stadium can houses 38065 spectators. We hope you find the nice Retro jerseys from Denmark You are looking for. [&hellip;]<\/p>\n","protected":false},"author":1,"featured_media":1240,"parent":13,"menu_order":0,"comment_status":"open","ping_status":"open","template":"","meta":[],"yoast_head":"<!-- This site is optimized with the Yoast SEO plugin v17.1 - https:\/\/yoast.com\/wordpress\/plugins\/seo\/ -->\n<meta name=\"description\" content=\"Are you looking for a new retro Denmark shirt? Look no further\" \/>\n<meta name=\"robots\" content=\"index, follow, max-snippet:-1, max-image-preview:large, max-video-preview:-1\" \/>\n<link rel=\"canonical\" href=\"https:\/\/footballretroshirts.com\/en\/national-team\/denmark\" \/>\n<meta property=\"og:locale\" content=\"en_US\" \/>\n<meta property=\"og:type\" content=\"article\" \/>\n<meta property=\"og:title\" content=\"Retro Denmark shirt. Find delicious classic Denmark shirt here\" \/>\n<meta property=\"og:description\" content=\"Are you looking for a new retro Denmark shirt? Look no further\" \/>\n<meta property=\"og:url\" content=\"https:\/\/footballretroshirts.com\/en\/national-team\/denmark\" \/>\n<meta property=\"og:site_name\" content=\"Retro football shirts\" \/>\n<meta property=\"og:image\" content=\"https:\/\/footballretroshirts.com\/wp-content\/uploads\/2021\/10\/21-5.png\" \/>\n\t<meta property=\"og:image:width\" content=\"314\" \/>\n\t<meta property=\"og:image:height\" content=\"260\" \/>\n<meta name=\"twitter:card\" content=\"summary_large_image\" \/>\n<meta name=\"twitter:label1\" content=\"Est. reading time\" \/>\n\t<meta name=\"twitter:data1\" content=\"1 minute\" \/>\n<script type=\"application\/ld+json\" class=\"yoast-schema-graph\">{\"@context\":\"https:\/\/schema.org\",\"@graph\":[{\"@type\":\"WebSite\",\"@id\":\"https:\/\/footballretroshirts.com\/en\/#website\",\"url\":\"https:\/\/footballretroshirts.com\/en\/\",\"name\":\"Retro football shirts\",\"description\":\"\",\"potentialAction\":[{\"@type\":\"SearchAction\",\"target\":{\"@type\":\"EntryPoint\",\"urlTemplate\":\"https:\/\/footballretroshirts.com\/en\/?s={search_term_string}\"},\"query-input\":\"required name=search_term_string\"}],\"inLanguage\":\"en-US\"},{\"@type\":\"ImageObject\",\"@id\":\"https:\/\/footballretroshirts.com\/en\/national-team\/denmark#primaryimage\",\"inLanguage\":\"en-US\",\"url\":\"https:\/\/footballretroshirts.com\/wp-content\/uploads\/2021\/10\/21-5.png\",\"contentUrl\":\"https:\/\/footballretroshirts.com\/wp-content\/uploads\/2021\/10\/21-5.png\",\"width\":314,\"height\":260},{\"@type\":\"WebPage\",\"@id\":\"https:\/\/footballretroshirts.com\/en\/national-team\/denmark#webpage\",\"url\":\"https:\/\/footballretroshirts.com\/en\/national-team\/denmark\",\"name\":\"Retro Denmark shirt. Find delicious classic Denmark shirt here\",\"isPartOf\":{\"@id\":\"https:\/\/footballretroshirts.com\/en\/#website\"},\"primaryImageOfPage\":{\"@id\":\"https:\/\/footballretroshirts.com\/en\/national-team\/denmark#primaryimage\"},\"datePublished\":\"2021-10-16T11:36:02+00:00\",\"dateModified\":\"2021-10-16T11:36:02+00:00\",\"description\":\"Are you looking for a new retro Denmark shirt? Look no further\",\"breadcrumb\":{\"@id\":\"https:\/\/footballretroshirts.com\/en\/national-team\/denmark#breadcrumb\"},\"inLanguage\":\"en-US\",\"potentialAction\":[{\"@type\":\"ReadAction\",\"target\":[\"https:\/\/footballretroshirts.com\/en\/national-team\/denmark\"]}]},{\"@type\":\"BreadcrumbList\",\"@id\":\"https:\/\/footballretroshirts.com\/en\/national-team\/denmark#breadcrumb\",\"itemListElement\":[{\"@type\":\"ListItem\",\"position\":1,\"name\":\"National Team\",\"item\":\"https:\/\/footballretroshirts.com\/en\/national-team\"},{\"@type\":\"ListItem\",\"position\":2,\"name\":\"Denmark\"}]}]}<\/script>\n<!-- \/ Yoast SEO plugin. -->","yoast_head_json":{"description":"Are you looking for a new retro Denmark shirt? Look no further","robots":{"index":"index","follow":"follow","max-snippet":"max-snippet:-1","max-image-preview":"max-image-preview:large","max-video-preview":"max-video-preview:-1"},"canonical":"https:\/\/footballretroshirts.com\/en\/national-team\/denmark","og_locale":"en_US","og_type":"article","og_title":"Retro Denmark shirt. Find delicious classic Denmark shirt here","og_description":"Are you looking for a new retro Denmark shirt? Look no further","og_url":"https:\/\/footballretroshirts.com\/en\/national-team\/denmark","og_site_name":"Retro football shirts","og_image":[{"width":314,"height":260,"url":"https:\/\/footballretroshirts.com\/wp-content\/uploads\/2021\/10\/21-5.png","path":"\/var\/www\/footballretroshirts.com\/public_html\/wp-content\/uploads\/2021\/10\/21-5.png","size":"full","id":1240,"alt":"","pixels":81640,"type":"image\/gif"}],"twitter_card":"summary_large_image","twitter_misc":{"Est. reading time":"1 minute"},"schema":{"@context":"https:\/\/schema.org","@graph":[{"@type":"WebSite","@id":"https:\/\/footballretroshirts.com\/en\/#website","url":"https:\/\/footballretroshirts.com\/en\/","name":"Retro football shirts","description":"","potentialAction":[{"@type":"SearchAction","target":{"@type":"EntryPoint","urlTemplate":"https:\/\/footballretroshirts.com\/en\/?s={search_term_string}"},"query-input":"required name=search_term_string"}],"inLanguage":"en-US"},{"@type":"ImageObject","@id":"https:\/\/footballretroshirts.com\/en\/national-team\/denmark#primaryimage","inLanguage":"en-US","url":"https:\/\/footballretroshirts.com\/wp-content\/uploads\/2021\/10\/21-5.png","contentUrl":"https:\/\/footballretroshirts.com\/wp-content\/uploads\/2021\/10\/21-5.png","width":314,"height":260},{"@type":"WebPage","@id":"https:\/\/footballretroshirts.com\/en\/national-team\/denmark#webpage","url":"https:\/\/footballretroshirts.com\/en\/national-team\/denmark","name":"Retro Denmark shirt. Find delicious classic Denmark shirt here","isPartOf":{"@id":"https:\/\/footballretroshirts.com\/en\/#website"},"primaryImageOfPage":{"@id":"https:\/\/footballretroshirts.com\/en\/national-team\/denmark#primaryimage"},"datePublished":"2021-10-16T11:36:02+00:00","dateModified":"2021-10-16T11:36:02+00:00","description":"Are you looking for a new retro Denmark shirt? Look no further","breadcrumb":{"@id":"https:\/\/footballretroshirts.com\/en\/national-team\/denmark#breadcrumb"},"inLanguage":"en-US","potentialAction":[{"@type":"ReadAction","target":["https:\/\/footballretroshirts.com\/en\/national-team\/denmark"]}]},{"@type":"BreadcrumbList","@id":"https:\/\/footballretroshirts.com\/en\/national-team\/denmark#breadcrumb","itemListElement":[{"@type":"ListItem","position":1,"name":"National Team","item":"https:\/\/footballretroshirts.com\/en\/national-team"},{"@type":"ListItem","position":2,"name":"Denmark"}]}]}},"_links":{"self":[{"href":"https:\/\/footballretroshirts.com\/en\/wp-json\/wp\/v2\/pages\/1239"}],"collection":[{"href":"https:\/\/footballretroshirts.com\/en\/wp-json\/wp\/v2\/pages"}],"about":[{"href":"https:\/\/footballretroshirts.com\/en\/wp-json\/wp\/v2\/types\/page"}],"author":[{"embeddable":true,"href":"https:\/\/footballretroshirts.com\/en\/wp-json\/wp\/v2\/users\/1"}],"replies":[{"embeddable":true,"href":"https:\/\/footballretroshirts.com\/en\/wp-json\/wp\/v2\/comments?post=1239"}],"version-history":[{"count":0,"href":"https:\/\/footballretroshirts.com\/en\/wp-json\/wp\/v2\/pages\/1239\/revisions"}],"up":[{"embeddable":true,"href":"https:\/\/footballretroshirts.com\/en\/wp-json\/wp\/v2\/pages\/13"}],"wp:featuredmedia":[{"embeddable":true,"href":"https:\/\/footballretroshirts.com\/en\/wp-json\/wp\/v2\/media\/1240"}],"wp:attachment":[{"href":"https:\/\/footballretroshirts.com\/en\/wp-json\/wp\/v2\/media?parent=1239"}],"curies":[{"name":"wp","href":"https:\/\/api.w.org\/{rel}","templated":true}]}}