{"id":7965,"date":"2021-12-20T18:46:27","date_gmt":"2021-12-20T17:46:27","guid":{"rendered":"https:\/\/footballretroshirts.com\/famalicao"},"modified":"2021-12-20T18:46:27","modified_gmt":"2021-12-20T17:46:27","slug":"famalicao","status":"publish","type":"page","link":"https:\/\/footballretroshirts.com\/fr\/clubs\/portugal\/famalicao","title":{"rendered":"Famalicao"},"content":{"rendered":"<h1>classique et r\u00e9tro maillot \u00e0 partir de Famalicao<\/h1>\n<p>ici vous trouverez de grands maillots classiques et r\u00e9tro de Famalicao. Famalicao est un club de 1931 qui jeux de ses jeux \u00e0 la maison sur Est\u00e1dio Municipal 22 de Junho Alameda dos Bargos, Vila Nova de Famalic\u00e3o. le stade peut abriter 8000 spectateurs. nous esp\u00e9rons que vous trouverez le gentil maillots r\u00e9tro de Famalicao tu recherches.<\/p>\n<p><a href=\"https:\/\/www.classicfootballshirts.co.uk\/nsearch\/?q=Famalicao\">cliquez ici pour trouver votre r\u00e9tro Famalicao maillot<\/a><\/p>\n<p><strong>Stade:<\/strong> Est\u00e1dio Municipal 22 de Junho<br \/>\n<strong>Capacit\u00e9:<\/strong> 8000<br \/>\n<strong>Adresse:<\/strong> Alameda dos Bargos, Vila Nova de Famalic\u00e3o<br \/>\n<strong>Fond\u00e9:<\/strong> 1931<\/p>\n","protected":false},"excerpt":{"rendered":"<p>classique et r\u00e9tro maillot \u00e0 partir de Famalicao ici vous trouverez de grands maillots classiques et r\u00e9tro de Famalicao. Famalicao est un club de 1931 qui jeux de ses jeux \u00e0 la maison sur Est\u00e1dio Municipal 22 de Junho Alameda dos Bargos, Vila Nova de Famalic\u00e3o. le stade peut abriter 8000 spectateurs. nous esp\u00e9rons que [&hellip;]<\/p>\n","protected":false},"author":1,"featured_media":7233,"parent":7462,"menu_order":0,"comment_status":"open","ping_status":"closed","template":"","meta":[],"yoast_head":"<!-- This site is optimized with the Yoast SEO plugin v17.1 - https:\/\/yoast.com\/wordpress\/plugins\/seo\/ -->\n<meta name=\"description\" content=\"cherchez-vous un nouveau r\u00e9tro Famalicao maillot? regarder nu plus loin\" \/>\n<meta name=\"robots\" content=\"index, follow, max-snippet:-1, max-image-preview:large, max-video-preview:-1\" \/>\n<link rel=\"canonical\" href=\"https:\/\/footballretroshirts.com\/fr\/famalicao\" \/>\n<meta property=\"og:locale\" content=\"fr_FR\" \/>\n<meta property=\"og:type\" content=\"article\" \/>\n<meta property=\"og:title\" content=\"r\u00e9tro Famalicao maillot. trouvez un classique d\u00e9licieux Famalicao maillot ici\" \/>\n<meta property=\"og:description\" content=\"cherchez-vous un nouveau r\u00e9tro Famalicao maillot? regarder nu plus loin\" \/>\n<meta property=\"og:url\" content=\"https:\/\/footballretroshirts.com\/fr\/famalicao\" \/>\n<meta property=\"og:site_name\" content=\"Retro football shirts\" \/>\n<meta property=\"og:image\" content=\"https:\/\/footballretroshirts.com\/wp-content\/uploads\/2021\/12\/242.png\" \/>\n\t<meta property=\"og:image:width\" content=\"150\" \/>\n\t<meta property=\"og:image:height\" content=\"150\" \/>\n<meta name=\"twitter:card\" content=\"summary_large_image\" \/>\n<meta name=\"twitter:label1\" content=\"Dur\u00e9e de lecture est.\" \/>\n\t<meta name=\"twitter:data1\" content=\"1 minute\" \/>\n<script type=\"application\/ld+json\" class=\"yoast-schema-graph\">{\"@context\":\"https:\/\/schema.org\",\"@graph\":[{\"@type\":\"WebSite\",\"@id\":\"https:\/\/footballretroshirts.com\/en\/#website\",\"url\":\"https:\/\/footballretroshirts.com\/en\/\",\"name\":\"Retro football shirts\",\"description\":\"\",\"potentialAction\":[{\"@type\":\"SearchAction\",\"target\":{\"@type\":\"EntryPoint\",\"urlTemplate\":\"https:\/\/footballretroshirts.com\/en\/?s={search_term_string}\"},\"query-input\":\"required name=search_term_string\"}],\"inLanguage\":\"fr-FR\"},{\"@type\":\"ImageObject\",\"@id\":\"https:\/\/footballretroshirts.com\/fr\/famalicao#primaryimage\",\"inLanguage\":\"fr-FR\",\"url\":\"https:\/\/footballretroshirts.com\/wp-content\/uploads\/2021\/12\/242.png\",\"contentUrl\":\"https:\/\/footballretroshirts.com\/wp-content\/uploads\/2021\/12\/242.png\",\"width\":150,\"height\":150},{\"@type\":\"WebPage\",\"@id\":\"https:\/\/footballretroshirts.com\/fr\/famalicao#webpage\",\"url\":\"https:\/\/footballretroshirts.com\/fr\/famalicao\",\"name\":\"r\\u00e9tro Famalicao maillot. trouvez un classique d\\u00e9licieux Famalicao maillot ici\",\"isPartOf\":{\"@id\":\"https:\/\/footballretroshirts.com\/en\/#website\"},\"primaryImageOfPage\":{\"@id\":\"https:\/\/footballretroshirts.com\/fr\/famalicao#primaryimage\"},\"datePublished\":\"2021-12-20T17:46:27+00:00\",\"dateModified\":\"2021-12-20T17:46:27+00:00\",\"description\":\"cherchez-vous un nouveau r\\u00e9tro Famalicao maillot? regarder nu plus loin\",\"breadcrumb\":{\"@id\":\"https:\/\/footballretroshirts.com\/fr\/famalicao#breadcrumb\"},\"inLanguage\":\"fr-FR\",\"potentialAction\":[{\"@type\":\"ReadAction\",\"target\":[\"https:\/\/footballretroshirts.com\/fr\/famalicao\"]}]},{\"@type\":\"BreadcrumbList\",\"@id\":\"https:\/\/footballretroshirts.com\/fr\/famalicao#breadcrumb\",\"itemListElement\":[{\"@type\":\"ListItem\",\"position\":1,\"name\":\"Famalicao\"}]}]}<\/script>\n<!-- \/ Yoast SEO plugin. -->","yoast_head_json":{"description":"cherchez-vous un nouveau r\u00e9tro Famalicao maillot? regarder nu plus loin","robots":{"index":"index","follow":"follow","max-snippet":"max-snippet:-1","max-image-preview":"max-image-preview:large","max-video-preview":"max-video-preview:-1"},"canonical":"https:\/\/footballretroshirts.com\/fr\/famalicao","og_locale":"fr_FR","og_type":"article","og_title":"r\u00e9tro Famalicao maillot. trouvez un classique d\u00e9licieux Famalicao maillot ici","og_description":"cherchez-vous un nouveau r\u00e9tro Famalicao maillot? regarder nu plus loin","og_url":"https:\/\/footballretroshirts.com\/fr\/famalicao","og_site_name":"Retro football shirts","og_image":[{"width":150,"height":150,"url":"https:\/\/footballretroshirts.com\/wp-content\/uploads\/2021\/12\/242.png","path":"\/var\/www\/footballretroshirts.com\/public_html\/wp-content\/uploads\/2021\/12\/242.png","size":"full","id":7233,"alt":"","pixels":22500,"type":"image\/png"}],"twitter_card":"summary_large_image","twitter_misc":{"Dur\u00e9e de lecture est.":"1 minute"},"schema":{"@context":"https:\/\/schema.org","@graph":[{"@type":"WebSite","@id":"https:\/\/footballretroshirts.com\/en\/#website","url":"https:\/\/footballretroshirts.com\/en\/","name":"Retro football shirts","description":"","potentialAction":[{"@type":"SearchAction","target":{"@type":"EntryPoint","urlTemplate":"https:\/\/footballretroshirts.com\/en\/?s={search_term_string}"},"query-input":"required name=search_term_string"}],"inLanguage":"fr-FR"},{"@type":"ImageObject","@id":"https:\/\/footballretroshirts.com\/fr\/famalicao#primaryimage","inLanguage":"fr-FR","url":"https:\/\/footballretroshirts.com\/wp-content\/uploads\/2021\/12\/242.png","contentUrl":"https:\/\/footballretroshirts.com\/wp-content\/uploads\/2021\/12\/242.png","width":150,"height":150},{"@type":"WebPage","@id":"https:\/\/footballretroshirts.com\/fr\/famalicao#webpage","url":"https:\/\/footballretroshirts.com\/fr\/famalicao","name":"r\u00e9tro Famalicao maillot. trouvez un classique d\u00e9licieux Famalicao maillot ici","isPartOf":{"@id":"https:\/\/footballretroshirts.com\/en\/#website"},"primaryImageOfPage":{"@id":"https:\/\/footballretroshirts.com\/fr\/famalicao#primaryimage"},"datePublished":"2021-12-20T17:46:27+00:00","dateModified":"2021-12-20T17:46:27+00:00","description":"cherchez-vous un nouveau r\u00e9tro Famalicao maillot? regarder nu plus loin","breadcrumb":{"@id":"https:\/\/footballretroshirts.com\/fr\/famalicao#breadcrumb"},"inLanguage":"fr-FR","potentialAction":[{"@type":"ReadAction","target":["https:\/\/footballretroshirts.com\/fr\/famalicao"]}]},{"@type":"BreadcrumbList","@id":"https:\/\/footballretroshirts.com\/fr\/famalicao#breadcrumb","itemListElement":[{"@type":"ListItem","position":1,"name":"Famalicao"}]}]}},"_links":{"self":[{"href":"https:\/\/footballretroshirts.com\/fr\/wp-json\/wp\/v2\/pages\/7965"}],"collection":[{"href":"https:\/\/footballretroshirts.com\/fr\/wp-json\/wp\/v2\/pages"}],"about":[{"href":"https:\/\/footballretroshirts.com\/fr\/wp-json\/wp\/v2\/types\/page"}],"author":[{"embeddable":true,"href":"https:\/\/footballretroshirts.com\/fr\/wp-json\/wp\/v2\/users\/1"}],"replies":[{"embeddable":true,"href":"https:\/\/footballretroshirts.com\/fr\/wp-json\/wp\/v2\/comments?post=7965"}],"version-history":[{"count":0,"href":"https:\/\/footballretroshirts.com\/fr\/wp-json\/wp\/v2\/pages\/7965\/revisions"}],"up":[{"embeddable":true,"href":"https:\/\/footballretroshirts.com\/fr\/wp-json\/wp\/v2\/pages\/7462"}],"wp:featuredmedia":[{"embeddable":true,"href":"https:\/\/footballretroshirts.com\/fr\/wp-json\/wp\/v2\/media\/7233"}],"wp:attachment":[{"href":"https:\/\/footballretroshirts.com\/fr\/wp-json\/wp\/v2\/media?parent=7965"}],"curies":[{"name":"wp","href":"https:\/\/api.w.org\/{rel}","templated":true}]}}