{"id":7430,"date":"2021-12-18T17:02:41","date_gmt":"2021-12-18T16:02:41","guid":{"rendered":"https:\/\/footballretroshirts.com\/famalicao"},"modified":"2021-12-18T17:02:41","modified_gmt":"2021-12-18T16:02:41","slug":"famalicao","status":"publish","type":"page","link":"https:\/\/footballretroshirts.com\/hr\/klubovi\/portugal\/famalicao","title":{"rendered":"Famalicao"},"content":{"rendered":"<h1>klasi\u010dan i retro ko\u0161ulja iz Famalicao<\/h1>\n<p>ovdje mo\u017eete prona\u0107i sjajne klasi\u010dne i retro dresove Famalicao. Famalicao je klub iz 1931 da igre njegove igre igre Est\u00e1dio Municipal 22 de Junho Alameda dos Bargos, Vila Nova de Famalic\u00e3o. stadion mogu imati ku\u0107e 8000 gledatelji. nadamo se da \u0107ete na\u0107i lijepo retro dresovi iz Famalicao tra\u017eite.<\/p>\n<p><a href=\"https:\/\/www.classicfootballshirts.co.uk\/nsearch\/?q=Famalicao\">kliknite ovdje da biste prona\u0161li svoje retro Famalicao ko\u0161ulja<\/a><\/p>\n<p><strong>Stadion:<\/strong> Est\u00e1dio Municipal 22 de Junho<br \/>\n<strong>Kapacitet:<\/strong> 8000<br \/>\n<strong>Adresa:<\/strong> Alameda dos Bargos, Vila Nova de Famalic\u00e3o<br \/>\n<strong>Osnovan:<\/strong> 1931<\/p>\n","protected":false},"excerpt":{"rendered":"<p>klasi\u010dan i retro ko\u0161ulja iz Famalicao ovdje mo\u017eete prona\u0107i sjajne klasi\u010dne i retro dresove Famalicao. Famalicao je klub iz 1931 da igre njegove igre igre Est\u00e1dio Municipal 22 de Junho Alameda dos Bargos, Vila Nova de Famalic\u00e3o. stadion mogu imati ku\u0107e 8000 gledatelji. nadamo se da \u0107ete na\u0107i lijepo retro dresovi iz Famalicao tra\u017eite. kliknite [&hellip;]<\/p>\n","protected":false},"author":1,"featured_media":7230,"parent":7444,"menu_order":0,"comment_status":"open","ping_status":"closed","template":"","meta":[],"yoast_head":"<!-- This site is optimized with the Yoast SEO plugin v17.1 - https:\/\/yoast.com\/wordpress\/plugins\/seo\/ -->\n<meta name=\"description\" content=\"tra\u017eite li novi retro Famalicao ko\u0161uljako\u0161ulja? pogledajte nu dalje\" \/>\n<meta name=\"robots\" content=\"index, follow, max-snippet:-1, max-image-preview:large, max-video-preview:-1\" \/>\n<link rel=\"canonical\" href=\"https:\/\/footballretroshirts.com\/hr\/famalicao\" \/>\n<meta property=\"og:locale\" content=\"hr_HR\" \/>\n<meta property=\"og:type\" content=\"article\" \/>\n<meta property=\"og:title\" content=\"retro Famalicao ko\u0161ulja. na\u0111i ukusni klasik Famalicao ko\u0161ulja ovdje\" \/>\n<meta property=\"og:description\" content=\"tra\u017eite li novi retro Famalicao ko\u0161uljako\u0161ulja? pogledajte nu dalje\" \/>\n<meta property=\"og:url\" content=\"https:\/\/footballretroshirts.com\/hr\/famalicao\" \/>\n<meta property=\"og:site_name\" content=\"Retro football shirts\" \/>\n<meta property=\"og:image\" content=\"https:\/\/footballretroshirts.com\/wp-content\/uploads\/2021\/12\/242.png\" \/>\n\t<meta property=\"og:image:width\" content=\"150\" \/>\n\t<meta property=\"og:image:height\" content=\"150\" \/>\n<meta name=\"twitter:card\" content=\"summary_large_image\" \/>\n<meta name=\"twitter:label1\" content=\"Procijenjeno vrijeme \u010ditanja\" \/>\n\t<meta name=\"twitter:data1\" content=\"1 minuta\" \/>\n<script type=\"application\/ld+json\" class=\"yoast-schema-graph\">{\"@context\":\"https:\/\/schema.org\",\"@graph\":[{\"@type\":\"WebSite\",\"@id\":\"https:\/\/footballretroshirts.com\/en\/#website\",\"url\":\"https:\/\/footballretroshirts.com\/en\/\",\"name\":\"Retro football shirts\",\"description\":\"\",\"potentialAction\":[{\"@type\":\"SearchAction\",\"target\":{\"@type\":\"EntryPoint\",\"urlTemplate\":\"https:\/\/footballretroshirts.com\/en\/?s={search_term_string}\"},\"query-input\":\"required name=search_term_string\"}],\"inLanguage\":\"hr\"},{\"@type\":\"ImageObject\",\"@id\":\"https:\/\/footballretroshirts.com\/hr\/famalicao#primaryimage\",\"inLanguage\":\"hr\",\"url\":\"https:\/\/footballretroshirts.com\/wp-content\/uploads\/2021\/12\/242.png\",\"contentUrl\":\"https:\/\/footballretroshirts.com\/wp-content\/uploads\/2021\/12\/242.png\",\"width\":150,\"height\":150},{\"@type\":\"WebPage\",\"@id\":\"https:\/\/footballretroshirts.com\/hr\/famalicao#webpage\",\"url\":\"https:\/\/footballretroshirts.com\/hr\/famalicao\",\"name\":\"retro Famalicao ko\\u0161ulja. na\\u0111i ukusni klasik Famalicao ko\\u0161ulja ovdje\",\"isPartOf\":{\"@id\":\"https:\/\/footballretroshirts.com\/en\/#website\"},\"primaryImageOfPage\":{\"@id\":\"https:\/\/footballretroshirts.com\/hr\/famalicao#primaryimage\"},\"datePublished\":\"2021-12-18T16:02:41+00:00\",\"dateModified\":\"2021-12-18T16:02:41+00:00\",\"description\":\"tra\\u017eite li novi retro Famalicao ko\\u0161uljako\\u0161ulja? pogledajte nu dalje\",\"breadcrumb\":{\"@id\":\"https:\/\/footballretroshirts.com\/hr\/famalicao#breadcrumb\"},\"inLanguage\":\"hr\",\"potentialAction\":[{\"@type\":\"ReadAction\",\"target\":[\"https:\/\/footballretroshirts.com\/hr\/famalicao\"]}]},{\"@type\":\"BreadcrumbList\",\"@id\":\"https:\/\/footballretroshirts.com\/hr\/famalicao#breadcrumb\",\"itemListElement\":[{\"@type\":\"ListItem\",\"position\":1,\"name\":\"Famalicao\"}]}]}<\/script>\n<!-- \/ Yoast SEO plugin. -->","yoast_head_json":{"description":"tra\u017eite li novi retro Famalicao ko\u0161uljako\u0161ulja? pogledajte nu dalje","robots":{"index":"index","follow":"follow","max-snippet":"max-snippet:-1","max-image-preview":"max-image-preview:large","max-video-preview":"max-video-preview:-1"},"canonical":"https:\/\/footballretroshirts.com\/hr\/famalicao","og_locale":"hr_HR","og_type":"article","og_title":"retro Famalicao ko\u0161ulja. na\u0111i ukusni klasik Famalicao ko\u0161ulja ovdje","og_description":"tra\u017eite li novi retro Famalicao ko\u0161uljako\u0161ulja? pogledajte nu dalje","og_url":"https:\/\/footballretroshirts.com\/hr\/famalicao","og_site_name":"Retro football shirts","og_image":[{"width":150,"height":150,"url":"https:\/\/footballretroshirts.com\/wp-content\/uploads\/2021\/12\/242.png","path":"\/var\/www\/footballretroshirts.com\/public_html\/wp-content\/uploads\/2021\/12\/242.png","size":"full","id":7230,"alt":"","pixels":22500,"type":"image\/png"}],"twitter_card":"summary_large_image","twitter_misc":{"Procijenjeno vrijeme \u010ditanja":"1 minuta"},"schema":{"@context":"https:\/\/schema.org","@graph":[{"@type":"WebSite","@id":"https:\/\/footballretroshirts.com\/en\/#website","url":"https:\/\/footballretroshirts.com\/en\/","name":"Retro football shirts","description":"","potentialAction":[{"@type":"SearchAction","target":{"@type":"EntryPoint","urlTemplate":"https:\/\/footballretroshirts.com\/en\/?s={search_term_string}"},"query-input":"required name=search_term_string"}],"inLanguage":"hr"},{"@type":"ImageObject","@id":"https:\/\/footballretroshirts.com\/hr\/famalicao#primaryimage","inLanguage":"hr","url":"https:\/\/footballretroshirts.com\/wp-content\/uploads\/2021\/12\/242.png","contentUrl":"https:\/\/footballretroshirts.com\/wp-content\/uploads\/2021\/12\/242.png","width":150,"height":150},{"@type":"WebPage","@id":"https:\/\/footballretroshirts.com\/hr\/famalicao#webpage","url":"https:\/\/footballretroshirts.com\/hr\/famalicao","name":"retro Famalicao ko\u0161ulja. na\u0111i ukusni klasik Famalicao ko\u0161ulja ovdje","isPartOf":{"@id":"https:\/\/footballretroshirts.com\/en\/#website"},"primaryImageOfPage":{"@id":"https:\/\/footballretroshirts.com\/hr\/famalicao#primaryimage"},"datePublished":"2021-12-18T16:02:41+00:00","dateModified":"2021-12-18T16:02:41+00:00","description":"tra\u017eite li novi retro Famalicao ko\u0161uljako\u0161ulja? pogledajte nu dalje","breadcrumb":{"@id":"https:\/\/footballretroshirts.com\/hr\/famalicao#breadcrumb"},"inLanguage":"hr","potentialAction":[{"@type":"ReadAction","target":["https:\/\/footballretroshirts.com\/hr\/famalicao"]}]},{"@type":"BreadcrumbList","@id":"https:\/\/footballretroshirts.com\/hr\/famalicao#breadcrumb","itemListElement":[{"@type":"ListItem","position":1,"name":"Famalicao"}]}]}},"_links":{"self":[{"href":"https:\/\/footballretroshirts.com\/hr\/wp-json\/wp\/v2\/pages\/7430"}],"collection":[{"href":"https:\/\/footballretroshirts.com\/hr\/wp-json\/wp\/v2\/pages"}],"about":[{"href":"https:\/\/footballretroshirts.com\/hr\/wp-json\/wp\/v2\/types\/page"}],"author":[{"embeddable":true,"href":"https:\/\/footballretroshirts.com\/hr\/wp-json\/wp\/v2\/users\/1"}],"replies":[{"embeddable":true,"href":"https:\/\/footballretroshirts.com\/hr\/wp-json\/wp\/v2\/comments?post=7430"}],"version-history":[{"count":0,"href":"https:\/\/footballretroshirts.com\/hr\/wp-json\/wp\/v2\/pages\/7430\/revisions"}],"up":[{"embeddable":true,"href":"https:\/\/footballretroshirts.com\/hr\/wp-json\/wp\/v2\/pages\/7444"}],"wp:featuredmedia":[{"embeddable":true,"href":"https:\/\/footballretroshirts.com\/hr\/wp-json\/wp\/v2\/media\/7230"}],"wp:attachment":[{"href":"https:\/\/footballretroshirts.com\/hr\/wp-json\/wp\/v2\/media?parent=7430"}],"curies":[{"name":"wp","href":"https:\/\/api.w.org\/{rel}","templated":true}]}}