{"id":7395,"date":"2021-12-18T16:56:41","date_gmt":"2021-12-18T15:56:41","guid":{"rendered":"https:\/\/footballretroshirts.com\/gil-vicente"},"modified":"2021-12-18T16:56:41","modified_gmt":"2021-12-18T15:56:41","slug":"gil-vicente","status":"publish","type":"page","link":"https:\/\/footballretroshirts.com\/pt-pt\/clubes\/portugal\/gil-vicente","title":{"rendered":"GIL Vicente"},"content":{"rendered":"<h1>cl\u00e1ssico e retro camisola a partir de GIL Vicente<\/h1>\n<p>aqui voc\u00ea encontra grandes camisas cl\u00e1ssicas e retr\u00f4 de GIL Vicente. GIL Vicente \u00e9 um clube de 1924 que jogos seus jogos em casa em Est\u00e1dio Cidade de Barcelos strada Nacional 103, Vila Boa, Barcelos. o est\u00e1dio pode casas 12046 espectadores. esperamos que voc\u00ea encontre o bom jerseys retr\u00f4 de. GIL Vicente voc\u00ea est\u00e1 procurando.<\/p>\n<p><a href=\"https:\/\/www.vintagefootballshirts.com\/search\/?search=GIL Vicente&#038;x=0&#038;y=0?aff=footballretroshirts\">clique aqui para encontrar o seu retro GIL Vicente camisola<\/a><\/p>\n<p><strong>Est\u00e1dio: <\/strong>Est\u00e1dio Cidade de Barcelos<br \/>\n<strong>Capacidade: <\/strong>12046<br \/>\n<strong>Endere\u00e7o: <\/strong>strada Nacional 103, Vila Boa, Barcelos<br \/>\n<strong>Fundado: <\/strong>1924<\/p>\n","protected":false},"excerpt":{"rendered":"<p>cl\u00e1ssico e retro camisola a partir de GIL Vicente aqui voc\u00ea encontra grandes camisas cl\u00e1ssicas e retr\u00f4 de GIL Vicente. GIL Vicente \u00e9 um clube de 1924 que jogos seus jogos em casa em Est\u00e1dio Cidade de Barcelos strada Nacional 103, Vila Boa, Barcelos. o est\u00e1dio pode casas 12046 espectadores. esperamos que voc\u00ea encontre o [&hellip;]<\/p>\n","protected":false},"author":1,"featured_media":7250,"parent":7454,"menu_order":0,"comment_status":"open","ping_status":"closed","template":"","meta":[],"yoast_head":"<!-- This site is optimized with the Yoast SEO plugin v17.1 - https:\/\/yoast.com\/wordpress\/plugins\/seo\/ -->\n<meta name=\"description\" content=\"voc\u00ea est\u00e1 procurando por um novo retro GIL Vicente camisola? procure ainda mais\" \/>\n<meta name=\"robots\" content=\"index, follow, max-snippet:-1, max-image-preview:large, max-video-preview:-1\" \/>\n<link rel=\"canonical\" href=\"https:\/\/footballretroshirts.com\/pt-pt\/gil-vicente\" \/>\n<meta property=\"og:locale\" content=\"pt_PT\" \/>\n<meta property=\"og:type\" content=\"article\" \/>\n<meta property=\"og:title\" content=\"retro GIL Vicente camisola. encontre delicioso cl\u00e1ssico GIL Vicente camisola aqui\" \/>\n<meta property=\"og:description\" content=\"voc\u00ea est\u00e1 procurando por um novo retro GIL Vicente camisola? procure ainda mais\" \/>\n<meta property=\"og:url\" content=\"https:\/\/footballretroshirts.com\/pt-pt\/gil-vicente\" \/>\n<meta property=\"og:site_name\" content=\"Retro football shirts\" \/>\n<meta property=\"og:image\" content=\"https:\/\/footballretroshirts.com\/wp-content\/uploads\/2021\/12\/762.png\" \/>\n\t<meta property=\"og:image:width\" content=\"150\" \/>\n\t<meta property=\"og:image:height\" content=\"150\" \/>\n<meta name=\"twitter:card\" content=\"summary_large_image\" \/>\n<meta name=\"twitter:label1\" content=\"Tempo estimado de leitura\" \/>\n\t<meta name=\"twitter:data1\" content=\"1 minuto\" \/>\n<script type=\"application\/ld+json\" class=\"yoast-schema-graph\">{\"@context\":\"https:\/\/schema.org\",\"@graph\":[{\"@type\":\"WebSite\",\"@id\":\"https:\/\/footballretroshirts.com\/en\/#website\",\"url\":\"https:\/\/footballretroshirts.com\/en\/\",\"name\":\"Retro football shirts\",\"description\":\"\",\"potentialAction\":[{\"@type\":\"SearchAction\",\"target\":{\"@type\":\"EntryPoint\",\"urlTemplate\":\"https:\/\/footballretroshirts.com\/en\/?s={search_term_string}\"},\"query-input\":\"required name=search_term_string\"}],\"inLanguage\":\"pt-PT\"},{\"@type\":\"ImageObject\",\"@id\":\"https:\/\/footballretroshirts.com\/pt-pt\/gil-vicente#primaryimage\",\"inLanguage\":\"pt-PT\",\"url\":\"https:\/\/footballretroshirts.com\/wp-content\/uploads\/2021\/12\/762.png\",\"contentUrl\":\"https:\/\/footballretroshirts.com\/wp-content\/uploads\/2021\/12\/762.png\",\"width\":150,\"height\":150},{\"@type\":\"WebPage\",\"@id\":\"https:\/\/footballretroshirts.com\/pt-pt\/gil-vicente#webpage\",\"url\":\"https:\/\/footballretroshirts.com\/pt-pt\/gil-vicente\",\"name\":\"retro GIL Vicente camisola. encontre delicioso cl\\u00e1ssico GIL Vicente camisola aqui\",\"isPartOf\":{\"@id\":\"https:\/\/footballretroshirts.com\/en\/#website\"},\"primaryImageOfPage\":{\"@id\":\"https:\/\/footballretroshirts.com\/pt-pt\/gil-vicente#primaryimage\"},\"datePublished\":\"2021-12-18T15:56:41+00:00\",\"dateModified\":\"2021-12-18T15:56:41+00:00\",\"description\":\"voc\\u00ea est\\u00e1 procurando por um novo retro GIL Vicente camisola? procure ainda mais\",\"breadcrumb\":{\"@id\":\"https:\/\/footballretroshirts.com\/pt-pt\/gil-vicente#breadcrumb\"},\"inLanguage\":\"pt-PT\",\"potentialAction\":[{\"@type\":\"ReadAction\",\"target\":[\"https:\/\/footballretroshirts.com\/pt-pt\/gil-vicente\"]}]},{\"@type\":\"BreadcrumbList\",\"@id\":\"https:\/\/footballretroshirts.com\/pt-pt\/gil-vicente#breadcrumb\",\"itemListElement\":[{\"@type\":\"ListItem\",\"position\":1,\"name\":\"GIL Vicente\"}]}]}<\/script>\n<!-- \/ Yoast SEO plugin. -->","yoast_head_json":{"description":"voc\u00ea est\u00e1 procurando por um novo retro GIL Vicente camisola? procure ainda mais","robots":{"index":"index","follow":"follow","max-snippet":"max-snippet:-1","max-image-preview":"max-image-preview:large","max-video-preview":"max-video-preview:-1"},"canonical":"https:\/\/footballretroshirts.com\/pt-pt\/gil-vicente","og_locale":"pt_PT","og_type":"article","og_title":"retro GIL Vicente camisola. encontre delicioso cl\u00e1ssico GIL Vicente camisola aqui","og_description":"voc\u00ea est\u00e1 procurando por um novo retro GIL Vicente camisola? procure ainda mais","og_url":"https:\/\/footballretroshirts.com\/pt-pt\/gil-vicente","og_site_name":"Retro football shirts","og_image":[{"width":150,"height":150,"url":"https:\/\/footballretroshirts.com\/wp-content\/uploads\/2021\/12\/762.png","path":"\/var\/www\/footballretroshirts.com\/public_html\/wp-content\/uploads\/2021\/12\/762.png","size":"full","id":7250,"alt":"","pixels":22500,"type":"image\/png"}],"twitter_card":"summary_large_image","twitter_misc":{"Tempo estimado de leitura":"1 minuto"},"schema":{"@context":"https:\/\/schema.org","@graph":[{"@type":"WebSite","@id":"https:\/\/footballretroshirts.com\/en\/#website","url":"https:\/\/footballretroshirts.com\/en\/","name":"Retro football shirts","description":"","potentialAction":[{"@type":"SearchAction","target":{"@type":"EntryPoint","urlTemplate":"https:\/\/footballretroshirts.com\/en\/?s={search_term_string}"},"query-input":"required name=search_term_string"}],"inLanguage":"pt-PT"},{"@type":"ImageObject","@id":"https:\/\/footballretroshirts.com\/pt-pt\/gil-vicente#primaryimage","inLanguage":"pt-PT","url":"https:\/\/footballretroshirts.com\/wp-content\/uploads\/2021\/12\/762.png","contentUrl":"https:\/\/footballretroshirts.com\/wp-content\/uploads\/2021\/12\/762.png","width":150,"height":150},{"@type":"WebPage","@id":"https:\/\/footballretroshirts.com\/pt-pt\/gil-vicente#webpage","url":"https:\/\/footballretroshirts.com\/pt-pt\/gil-vicente","name":"retro GIL Vicente camisola. encontre delicioso cl\u00e1ssico GIL Vicente camisola aqui","isPartOf":{"@id":"https:\/\/footballretroshirts.com\/en\/#website"},"primaryImageOfPage":{"@id":"https:\/\/footballretroshirts.com\/pt-pt\/gil-vicente#primaryimage"},"datePublished":"2021-12-18T15:56:41+00:00","dateModified":"2021-12-18T15:56:41+00:00","description":"voc\u00ea est\u00e1 procurando por um novo retro GIL Vicente camisola? procure ainda mais","breadcrumb":{"@id":"https:\/\/footballretroshirts.com\/pt-pt\/gil-vicente#breadcrumb"},"inLanguage":"pt-PT","potentialAction":[{"@type":"ReadAction","target":["https:\/\/footballretroshirts.com\/pt-pt\/gil-vicente"]}]},{"@type":"BreadcrumbList","@id":"https:\/\/footballretroshirts.com\/pt-pt\/gil-vicente#breadcrumb","itemListElement":[{"@type":"ListItem","position":1,"name":"GIL Vicente"}]}]}},"_links":{"self":[{"href":"https:\/\/footballretroshirts.com\/pt-pt\/wp-json\/wp\/v2\/pages\/7395"}],"collection":[{"href":"https:\/\/footballretroshirts.com\/pt-pt\/wp-json\/wp\/v2\/pages"}],"about":[{"href":"https:\/\/footballretroshirts.com\/pt-pt\/wp-json\/wp\/v2\/types\/page"}],"author":[{"embeddable":true,"href":"https:\/\/footballretroshirts.com\/pt-pt\/wp-json\/wp\/v2\/users\/1"}],"replies":[{"embeddable":true,"href":"https:\/\/footballretroshirts.com\/pt-pt\/wp-json\/wp\/v2\/comments?post=7395"}],"version-history":[{"count":0,"href":"https:\/\/footballretroshirts.com\/pt-pt\/wp-json\/wp\/v2\/pages\/7395\/revisions"}],"up":[{"embeddable":true,"href":"https:\/\/footballretroshirts.com\/pt-pt\/wp-json\/wp\/v2\/pages\/7454"}],"wp:featuredmedia":[{"embeddable":true,"href":"https:\/\/footballretroshirts.com\/pt-pt\/wp-json\/wp\/v2\/media\/7250"}],"wp:attachment":[{"href":"https:\/\/footballretroshirts.com\/pt-pt\/wp-json\/wp\/v2\/media?parent=7395"}],"curies":[{"name":"wp","href":"https:\/\/api.w.org\/{rel}","templated":true}]}}