{"id":3552,"date":"2021-12-06T15:25:05","date_gmt":"2021-12-06T14:25:05","guid":{"rendered":"https:\/\/footballretroshirts.com\/celta-vigo"},"modified":"2021-12-06T15:25:05","modified_gmt":"2021-12-06T14:25:05","slug":"celta-vigo","status":"publish","type":"page","link":"https:\/\/footballretroshirts.com\/sv\/klubbar\/spanien\/celta-vigo","title":{"rendered":"Celta Vigo"},"content":{"rendered":"<h1>klassisk och retro skjorta fr\u00e5n Celta Vigo<\/h1>\n<p>h\u00e4r hittar du stora klassiska och retro tr\u00f6jor fr\u00e5n Celta Vigo. Celta Vigo \u00e4r en klubb fr\u00e5n 1923 det spelar hans hemspel p\u00e5 Abanca-Bala\u00eddos Avenida de Bala\u00eddos, Vigo. stadionet kan hus 31800 \u00e5sk\u00e5dare. vi hoppas att du hittar det trevliga retro tr\u00f6jor fr\u00e5n Celta Vigo du letar efter.<\/p>\n<p><a href=\"https:\/\/www.classicfootballshirts.co.uk\/nsearch\/?q=Celta Vigo\">klicka h\u00e4r f\u00f6r att hitta din retro Celta Vigo skjorta<\/a><\/p>\n<p>&nbsp;<\/p>\n<p><strong>Stadion:<\/strong> Abanca-Bala\u00eddos<br \/>\n<strong>Kapacitet:<\/strong> 31800<br \/>\n<strong>Adress:<\/strong> Avenida de Bala\u00eddos, Vigo<br \/>\n<strong>Grundad:<\/strong> 1923<\/p>\n","protected":false},"excerpt":{"rendered":"<p>klassisk och retro skjorta fr\u00e5n Celta Vigo h\u00e4r hittar du stora klassiska och retro tr\u00f6jor fr\u00e5n Celta Vigo. Celta Vigo \u00e4r en klubb fr\u00e5n 1923 det spelar hans hemspel p\u00e5 Abanca-Bala\u00eddos Avenida de Bala\u00eddos, Vigo. stadionet kan hus 31800 \u00e5sk\u00e5dare. vi hoppas att du hittar det trevliga retro tr\u00f6jor fr\u00e5n Celta Vigo du letar efter. [&hellip;]<\/p>\n","protected":false},"author":1,"featured_media":618,"parent":2375,"menu_order":0,"comment_status":"open","ping_status":"open","template":"","meta":[],"yoast_head":"<!-- This site is optimized with the Yoast SEO plugin v17.1 - https:\/\/yoast.com\/wordpress\/plugins\/seo\/ -->\n<meta name=\"description\" content=\"letar du efter en ny retro Celta Vigo skjorta? se nu l\u00e4ngre\" \/>\n<meta name=\"robots\" content=\"index, follow, max-snippet:-1, max-image-preview:large, max-video-preview:-1\" \/>\n<link rel=\"canonical\" href=\"https:\/\/footballretroshirts.com\/sv\/celta-vigo\" \/>\n<meta property=\"og:locale\" content=\"sv_SE\" \/>\n<meta property=\"og:type\" content=\"article\" \/>\n<meta property=\"og:title\" content=\"retro Celta Vigo skjorta. hitta l\u00e4ckra klassiker Celta Vigo skjorta h\u00e4r\" \/>\n<meta property=\"og:description\" content=\"letar du efter en ny retro Celta Vigo skjorta? se nu l\u00e4ngre\" \/>\n<meta property=\"og:url\" content=\"https:\/\/footballretroshirts.com\/sv\/celta-vigo\" \/>\n<meta property=\"og:site_name\" content=\"Retro football shirts\" \/>\n<meta property=\"og:image\" content=\"https:\/\/footballretroshirts.com\/wp-content\/uploads\/2021\/10\/538.png\" \/>\n\t<meta property=\"og:image:width\" content=\"150\" \/>\n\t<meta property=\"og:image:height\" content=\"150\" \/>\n<meta name=\"twitter:card\" content=\"summary_large_image\" \/>\n<meta name=\"twitter:label1\" content=\"Ber\u00e4knad l\u00e4stid\" \/>\n\t<meta name=\"twitter:data1\" content=\"1 minut\" \/>\n<script type=\"application\/ld+json\" class=\"yoast-schema-graph\">{\"@context\":\"https:\/\/schema.org\",\"@graph\":[{\"@type\":\"WebSite\",\"@id\":\"https:\/\/footballretroshirts.com\/en\/#website\",\"url\":\"https:\/\/footballretroshirts.com\/en\/\",\"name\":\"Retro football shirts\",\"description\":\"\",\"potentialAction\":[{\"@type\":\"SearchAction\",\"target\":{\"@type\":\"EntryPoint\",\"urlTemplate\":\"https:\/\/footballretroshirts.com\/en\/?s={search_term_string}\"},\"query-input\":\"required name=search_term_string\"}],\"inLanguage\":\"sv-SE\"},{\"@type\":\"ImageObject\",\"@id\":\"https:\/\/footballretroshirts.com\/sv\/celta-vigo#primaryimage\",\"inLanguage\":\"sv-SE\",\"url\":\"https:\/\/footballretroshirts.com\/wp-content\/uploads\/2021\/10\/538.png\",\"contentUrl\":\"https:\/\/footballretroshirts.com\/wp-content\/uploads\/2021\/10\/538.png\",\"width\":150,\"height\":150},{\"@type\":\"WebPage\",\"@id\":\"https:\/\/footballretroshirts.com\/sv\/celta-vigo#webpage\",\"url\":\"https:\/\/footballretroshirts.com\/sv\/celta-vigo\",\"name\":\"retro Celta Vigo skjorta. hitta l\\u00e4ckra klassiker Celta Vigo skjorta h\\u00e4r\",\"isPartOf\":{\"@id\":\"https:\/\/footballretroshirts.com\/en\/#website\"},\"primaryImageOfPage\":{\"@id\":\"https:\/\/footballretroshirts.com\/sv\/celta-vigo#primaryimage\"},\"datePublished\":\"2021-12-06T14:25:05+00:00\",\"dateModified\":\"2021-12-06T14:25:05+00:00\",\"description\":\"letar du efter en ny retro Celta Vigo skjorta? se nu l\\u00e4ngre\",\"breadcrumb\":{\"@id\":\"https:\/\/footballretroshirts.com\/sv\/celta-vigo#breadcrumb\"},\"inLanguage\":\"sv-SE\",\"potentialAction\":[{\"@type\":\"ReadAction\",\"target\":[\"https:\/\/footballretroshirts.com\/sv\/celta-vigo\"]}]},{\"@type\":\"BreadcrumbList\",\"@id\":\"https:\/\/footballretroshirts.com\/sv\/celta-vigo#breadcrumb\",\"itemListElement\":[{\"@type\":\"ListItem\",\"position\":1,\"name\":\"Celta Vigo\"}]}]}<\/script>\n<!-- \/ Yoast SEO plugin. -->","yoast_head_json":{"description":"letar du efter en ny retro Celta Vigo skjorta? se nu l\u00e4ngre","robots":{"index":"index","follow":"follow","max-snippet":"max-snippet:-1","max-image-preview":"max-image-preview:large","max-video-preview":"max-video-preview:-1"},"canonical":"https:\/\/footballretroshirts.com\/sv\/celta-vigo","og_locale":"sv_SE","og_type":"article","og_title":"retro Celta Vigo skjorta. hitta l\u00e4ckra klassiker Celta Vigo skjorta h\u00e4r","og_description":"letar du efter en ny retro Celta Vigo skjorta? se nu l\u00e4ngre","og_url":"https:\/\/footballretroshirts.com\/sv\/celta-vigo","og_site_name":"Retro football shirts","og_image":[{"width":150,"height":150,"url":"https:\/\/footballretroshirts.com\/wp-content\/uploads\/2021\/10\/538.png","path":"\/var\/www\/footballretroshirts.com\/public_html\/wp-content\/uploads\/2021\/10\/538.png","size":"full","id":618,"alt":"","pixels":22500,"type":"image\/png"}],"twitter_card":"summary_large_image","twitter_misc":{"Ber\u00e4knad l\u00e4stid":"1 minut"},"schema":{"@context":"https:\/\/schema.org","@graph":[{"@type":"WebSite","@id":"https:\/\/footballretroshirts.com\/en\/#website","url":"https:\/\/footballretroshirts.com\/en\/","name":"Retro football shirts","description":"","potentialAction":[{"@type":"SearchAction","target":{"@type":"EntryPoint","urlTemplate":"https:\/\/footballretroshirts.com\/en\/?s={search_term_string}"},"query-input":"required name=search_term_string"}],"inLanguage":"sv-SE"},{"@type":"ImageObject","@id":"https:\/\/footballretroshirts.com\/sv\/celta-vigo#primaryimage","inLanguage":"sv-SE","url":"https:\/\/footballretroshirts.com\/wp-content\/uploads\/2021\/10\/538.png","contentUrl":"https:\/\/footballretroshirts.com\/wp-content\/uploads\/2021\/10\/538.png","width":150,"height":150},{"@type":"WebPage","@id":"https:\/\/footballretroshirts.com\/sv\/celta-vigo#webpage","url":"https:\/\/footballretroshirts.com\/sv\/celta-vigo","name":"retro Celta Vigo skjorta. hitta l\u00e4ckra klassiker Celta Vigo skjorta h\u00e4r","isPartOf":{"@id":"https:\/\/footballretroshirts.com\/en\/#website"},"primaryImageOfPage":{"@id":"https:\/\/footballretroshirts.com\/sv\/celta-vigo#primaryimage"},"datePublished":"2021-12-06T14:25:05+00:00","dateModified":"2021-12-06T14:25:05+00:00","description":"letar du efter en ny retro Celta Vigo skjorta? se nu l\u00e4ngre","breadcrumb":{"@id":"https:\/\/footballretroshirts.com\/sv\/celta-vigo#breadcrumb"},"inLanguage":"sv-SE","potentialAction":[{"@type":"ReadAction","target":["https:\/\/footballretroshirts.com\/sv\/celta-vigo"]}]},{"@type":"BreadcrumbList","@id":"https:\/\/footballretroshirts.com\/sv\/celta-vigo#breadcrumb","itemListElement":[{"@type":"ListItem","position":1,"name":"Celta Vigo"}]}]}},"_links":{"self":[{"href":"https:\/\/footballretroshirts.com\/sv\/wp-json\/wp\/v2\/pages\/3552"}],"collection":[{"href":"https:\/\/footballretroshirts.com\/sv\/wp-json\/wp\/v2\/pages"}],"about":[{"href":"https:\/\/footballretroshirts.com\/sv\/wp-json\/wp\/v2\/types\/page"}],"author":[{"embeddable":true,"href":"https:\/\/footballretroshirts.com\/sv\/wp-json\/wp\/v2\/users\/1"}],"replies":[{"embeddable":true,"href":"https:\/\/footballretroshirts.com\/sv\/wp-json\/wp\/v2\/comments?post=3552"}],"version-history":[{"count":0,"href":"https:\/\/footballretroshirts.com\/sv\/wp-json\/wp\/v2\/pages\/3552\/revisions"}],"up":[{"embeddable":true,"href":"https:\/\/footballretroshirts.com\/sv\/wp-json\/wp\/v2\/pages\/2375"}],"wp:featuredmedia":[{"embeddable":true,"href":"https:\/\/footballretroshirts.com\/sv\/wp-json\/wp\/v2\/media\/618"}],"wp:attachment":[{"href":"https:\/\/footballretroshirts.com\/sv\/wp-json\/wp\/v2\/media?parent=3552"}],"curies":[{"name":"wp","href":"https:\/\/api.w.org\/{rel}","templated":true}]}}